{"id":5389,"date":"2023-04-05T08:39:39","date_gmt":"2023-04-05T06:39:39","guid":{"rendered":"https:\/\/paradisegarden.it\/?post_type=product&#038;p=5389"},"modified":"2026-03-28T22:42:04","modified_gmt":"2026-03-28T21:42:04","slug":"orchidea-odontoglossum-barocco-red","status":"publish","type":"product","link":"https:\/\/paradisegarden.it\/?product=orchidea-odontoglossum-barocco-red","title":{"rendered":"Orchidea Odontoglossum Barocco Red"},"content":{"rendered":"<p>L&#8217;Orchidea Odontoglossum \u00e8 originaria delle foreste tropicali dell\u2019America centrale e meridionale<\/p>\n","protected":false},"excerpt":{"rendered":"<p>Le Orchidee Odontoglossum sono originarie delle foreste tropicali dell\u2019America centrale e meridionale. Ama gli ambienti ben areati e umidi e va collocata in una posizione chiara ma non esposta ai raggi solari diretti. Nel periodo invernale va posizionata in un punto pi\u00f9 esposto alla luce. \u00c8 una pianta ideale per serre fredde, infatti questa orchidea in inverno \u00e8 in grado di tollerare temperature fino a 5\u00b0C mentre in estate ama stare in ambienti tra i 18\/20\u00b0C.<\/p>\n","protected":false},"featured_media":5390,"comment_status":"open","ping_status":"closed","template":"","meta":[],"product_brand":[],"product_cat":[96],"product_tag":[],"class_list":{"0":"post-5389","1":"product","2":"type-product","3":"status-publish","4":"has-post-thumbnail","6":"product_cat-orchidee","8":"first","9":"instock","10":"shipping-taxable","11":"purchasable","12":"product-type-simple"},"yoast_head":"<!-- This site is optimized with the Yoast SEO plugin v26.5 - https:\/\/yoast.com\/wordpress\/plugins\/seo\/ -->\n<title>Orchidea Odontoglossum Barocco Red - Paradise Garden<\/title>\n<meta name=\"robots\" content=\"index, follow, max-snippet:-1, max-image-preview:large, max-video-preview:-1\" \/>\n<link rel=\"canonical\" href=\"https:\/\/paradisegarden.it\/?product=orchidea-odontoglossum-barocco-red\" \/>\n<meta property=\"og:locale\" content=\"it_IT\" \/>\n<meta property=\"og:type\" content=\"article\" \/>\n<meta property=\"og:title\" content=\"Orchidea Odontoglossum Barocco Red - Paradise Garden\" \/>\n<meta property=\"og:description\" content=\"Le Orchidee Odontoglossum sono originarie delle foreste tropicali dell\u2019America centrale e meridionale. Ama gli ambienti ben areati e umidi e va collocata in una posizione chiara ma non esposta ai raggi solari diretti. Nel periodo invernale va posizionata in un punto pi\u00f9 esposto alla luce. \u00c8 una pianta ideale per serre fredde, infatti questa orchidea in inverno \u00e8 in grado di tollerare temperature fino a 5\u00b0C mentre in estate ama stare in ambienti tra i 18\/20\u00b0C.\" \/>\n<meta property=\"og:url\" content=\"https:\/\/paradisegarden.it\/?product=orchidea-odontoglossum-barocco-red\" \/>\n<meta property=\"og:site_name\" content=\"Paradise Garden\" \/>\n<meta property=\"article:publisher\" content=\"https:\/\/www.facebook.com\/paradisegardencenter.ita\" \/>\n<meta property=\"article:modified_time\" content=\"2026-03-28T21:42:04+00:00\" \/>\n<meta property=\"og:image\" content=\"https:\/\/paradisegarden.it\/wp-content\/uploads\/2023\/04\/orchidea-odontoglossum-barocco-red.jpg\" \/>\n\t<meta property=\"og:image:width\" content=\"800\" \/>\n\t<meta property=\"og:image:height\" content=\"800\" \/>\n\t<meta property=\"og:image:type\" content=\"image\/jpeg\" \/>\n<meta name=\"twitter:card\" content=\"summary_large_image\" \/>\n<script type=\"application\/ld+json\" class=\"yoast-schema-graph\">{\"@context\":\"https:\/\/schema.org\",\"@graph\":[{\"@type\":\"WebPage\",\"@id\":\"https:\/\/paradisegarden.it\/?product=orchidea-odontoglossum-barocco-red\",\"url\":\"https:\/\/paradisegarden.it\/?product=orchidea-odontoglossum-barocco-red\",\"name\":\"Orchidea Odontoglossum Barocco Red - Paradise Garden\",\"isPartOf\":{\"@id\":\"https:\/\/paradisegarden.it\/#website\"},\"primaryImageOfPage\":{\"@id\":\"https:\/\/paradisegarden.it\/?product=orchidea-odontoglossum-barocco-red#primaryimage\"},\"image\":{\"@id\":\"https:\/\/paradisegarden.it\/?product=orchidea-odontoglossum-barocco-red#primaryimage\"},\"thumbnailUrl\":\"https:\/\/paradisegarden.it\/wp-content\/uploads\/2023\/04\/orchidea-odontoglossum-barocco-red.jpg\",\"datePublished\":\"2023-04-05T06:39:39+00:00\",\"dateModified\":\"2026-03-28T21:42:04+00:00\",\"breadcrumb\":{\"@id\":\"https:\/\/paradisegarden.it\/?product=orchidea-odontoglossum-barocco-red#breadcrumb\"},\"inLanguage\":\"it-IT\",\"potentialAction\":[{\"@type\":\"ReadAction\",\"target\":[\"https:\/\/paradisegarden.it\/?product=orchidea-odontoglossum-barocco-red\"]}]},{\"@type\":\"ImageObject\",\"inLanguage\":\"it-IT\",\"@id\":\"https:\/\/paradisegarden.it\/?product=orchidea-odontoglossum-barocco-red#primaryimage\",\"url\":\"https:\/\/paradisegarden.it\/wp-content\/uploads\/2023\/04\/orchidea-odontoglossum-barocco-red.jpg\",\"contentUrl\":\"https:\/\/paradisegarden.it\/wp-content\/uploads\/2023\/04\/orchidea-odontoglossum-barocco-red.jpg\",\"width\":800,\"height\":800},{\"@type\":\"BreadcrumbList\",\"@id\":\"https:\/\/paradisegarden.it\/?product=orchidea-odontoglossum-barocco-red#breadcrumb\",\"itemListElement\":[{\"@type\":\"ListItem\",\"position\":1,\"name\":\"Home\",\"item\":\"https:\/\/paradisegarden.it\/\"},{\"@type\":\"ListItem\",\"position\":2,\"name\":\"Shop\",\"item\":\"https:\/\/paradisegarden.it\/?page_id=1706\"},{\"@type\":\"ListItem\",\"position\":3,\"name\":\"Orchidea Odontoglossum Barocco Red\"}]},{\"@type\":\"WebSite\",\"@id\":\"https:\/\/paradisegarden.it\/#website\",\"url\":\"https:\/\/paradisegarden.it\/\",\"name\":\"Paradise Garden\",\"description\":\"Piante per la tua casa e per il tuo ufficio\",\"publisher\":{\"@id\":\"https:\/\/paradisegarden.it\/#organization\"},\"potentialAction\":[{\"@type\":\"SearchAction\",\"target\":{\"@type\":\"EntryPoint\",\"urlTemplate\":\"https:\/\/paradisegarden.it\/?s={search_term_string}\"},\"query-input\":{\"@type\":\"PropertyValueSpecification\",\"valueRequired\":true,\"valueName\":\"search_term_string\"}}],\"inLanguage\":\"it-IT\"},{\"@type\":\"Organization\",\"@id\":\"https:\/\/paradisegarden.it\/#organization\",\"name\":\"Paradise Garden\",\"url\":\"https:\/\/paradisegarden.it\/\",\"logo\":{\"@type\":\"ImageObject\",\"inLanguage\":\"it-IT\",\"@id\":\"https:\/\/paradisegarden.it\/#\/schema\/logo\/image\/\",\"url\":\"https:\/\/paradisegarden.it\/wp-content\/uploads\/2024\/04\/paradise-garden-new-logo-240-px.png\",\"contentUrl\":\"https:\/\/paradisegarden.it\/wp-content\/uploads\/2024\/04\/paradise-garden-new-logo-240-px.png\",\"width\":240,\"height\":240,\"caption\":\"Paradise Garden\"},\"image\":{\"@id\":\"https:\/\/paradisegarden.it\/#\/schema\/logo\/image\/\"},\"sameAs\":[\"https:\/\/www.facebook.com\/paradisegardencenter.ita\"]}]}<\/script>\n<!-- \/ Yoast SEO plugin. -->","yoast_head_json":{"title":"Orchidea Odontoglossum Barocco Red - Paradise Garden","robots":{"index":"index","follow":"follow","max-snippet":"max-snippet:-1","max-image-preview":"max-image-preview:large","max-video-preview":"max-video-preview:-1"},"canonical":"https:\/\/paradisegarden.it\/?product=orchidea-odontoglossum-barocco-red","og_locale":"it_IT","og_type":"article","og_title":"Orchidea Odontoglossum Barocco Red - Paradise Garden","og_description":"Le Orchidee Odontoglossum sono originarie delle foreste tropicali dell\u2019America centrale e meridionale. Ama gli ambienti ben areati e umidi e va collocata in una posizione chiara ma non esposta ai raggi solari diretti. Nel periodo invernale va posizionata in un punto pi\u00f9 esposto alla luce. \u00c8 una pianta ideale per serre fredde, infatti questa orchidea in inverno \u00e8 in grado di tollerare temperature fino a 5\u00b0C mentre in estate ama stare in ambienti tra i 18\/20\u00b0C.","og_url":"https:\/\/paradisegarden.it\/?product=orchidea-odontoglossum-barocco-red","og_site_name":"Paradise Garden","article_publisher":"https:\/\/www.facebook.com\/paradisegardencenter.ita","article_modified_time":"2026-03-28T21:42:04+00:00","og_image":[{"width":800,"height":800,"url":"https:\/\/paradisegarden.it\/wp-content\/uploads\/2023\/04\/orchidea-odontoglossum-barocco-red.jpg","type":"image\/jpeg"}],"twitter_card":"summary_large_image","schema":{"@context":"https:\/\/schema.org","@graph":[{"@type":"WebPage","@id":"https:\/\/paradisegarden.it\/?product=orchidea-odontoglossum-barocco-red","url":"https:\/\/paradisegarden.it\/?product=orchidea-odontoglossum-barocco-red","name":"Orchidea Odontoglossum Barocco Red - Paradise Garden","isPartOf":{"@id":"https:\/\/paradisegarden.it\/#website"},"primaryImageOfPage":{"@id":"https:\/\/paradisegarden.it\/?product=orchidea-odontoglossum-barocco-red#primaryimage"},"image":{"@id":"https:\/\/paradisegarden.it\/?product=orchidea-odontoglossum-barocco-red#primaryimage"},"thumbnailUrl":"https:\/\/paradisegarden.it\/wp-content\/uploads\/2023\/04\/orchidea-odontoglossum-barocco-red.jpg","datePublished":"2023-04-05T06:39:39+00:00","dateModified":"2026-03-28T21:42:04+00:00","breadcrumb":{"@id":"https:\/\/paradisegarden.it\/?product=orchidea-odontoglossum-barocco-red#breadcrumb"},"inLanguage":"it-IT","potentialAction":[{"@type":"ReadAction","target":["https:\/\/paradisegarden.it\/?product=orchidea-odontoglossum-barocco-red"]}]},{"@type":"ImageObject","inLanguage":"it-IT","@id":"https:\/\/paradisegarden.it\/?product=orchidea-odontoglossum-barocco-red#primaryimage","url":"https:\/\/paradisegarden.it\/wp-content\/uploads\/2023\/04\/orchidea-odontoglossum-barocco-red.jpg","contentUrl":"https:\/\/paradisegarden.it\/wp-content\/uploads\/2023\/04\/orchidea-odontoglossum-barocco-red.jpg","width":800,"height":800},{"@type":"BreadcrumbList","@id":"https:\/\/paradisegarden.it\/?product=orchidea-odontoglossum-barocco-red#breadcrumb","itemListElement":[{"@type":"ListItem","position":1,"name":"Home","item":"https:\/\/paradisegarden.it\/"},{"@type":"ListItem","position":2,"name":"Shop","item":"https:\/\/paradisegarden.it\/?page_id=1706"},{"@type":"ListItem","position":3,"name":"Orchidea Odontoglossum Barocco Red"}]},{"@type":"WebSite","@id":"https:\/\/paradisegarden.it\/#website","url":"https:\/\/paradisegarden.it\/","name":"Paradise Garden","description":"Piante per la tua casa e per il tuo ufficio","publisher":{"@id":"https:\/\/paradisegarden.it\/#organization"},"potentialAction":[{"@type":"SearchAction","target":{"@type":"EntryPoint","urlTemplate":"https:\/\/paradisegarden.it\/?s={search_term_string}"},"query-input":{"@type":"PropertyValueSpecification","valueRequired":true,"valueName":"search_term_string"}}],"inLanguage":"it-IT"},{"@type":"Organization","@id":"https:\/\/paradisegarden.it\/#organization","name":"Paradise Garden","url":"https:\/\/paradisegarden.it\/","logo":{"@type":"ImageObject","inLanguage":"it-IT","@id":"https:\/\/paradisegarden.it\/#\/schema\/logo\/image\/","url":"https:\/\/paradisegarden.it\/wp-content\/uploads\/2024\/04\/paradise-garden-new-logo-240-px.png","contentUrl":"https:\/\/paradisegarden.it\/wp-content\/uploads\/2024\/04\/paradise-garden-new-logo-240-px.png","width":240,"height":240,"caption":"Paradise Garden"},"image":{"@id":"https:\/\/paradisegarden.it\/#\/schema\/logo\/image\/"},"sameAs":["https:\/\/www.facebook.com\/paradisegardencenter.ita"]}]}},"_links":{"self":[{"href":"https:\/\/paradisegarden.it\/index.php?rest_route=\/wp\/v2\/product\/5389","targetHints":{"allow":["GET"]}}],"collection":[{"href":"https:\/\/paradisegarden.it\/index.php?rest_route=\/wp\/v2\/product"}],"about":[{"href":"https:\/\/paradisegarden.it\/index.php?rest_route=\/wp\/v2\/types\/product"}],"replies":[{"embeddable":true,"href":"https:\/\/paradisegarden.it\/index.php?rest_route=%2Fwp%2Fv2%2Fcomments&post=5389"}],"wp:featuredmedia":[{"embeddable":true,"href":"https:\/\/paradisegarden.it\/index.php?rest_route=\/wp\/v2\/media\/5390"}],"wp:attachment":[{"href":"https:\/\/paradisegarden.it\/index.php?rest_route=%2Fwp%2Fv2%2Fmedia&parent=5389"}],"wp:term":[{"taxonomy":"product_brand","embeddable":true,"href":"https:\/\/paradisegarden.it\/index.php?rest_route=%2Fwp%2Fv2%2Fproduct_brand&post=5389"},{"taxonomy":"product_cat","embeddable":true,"href":"https:\/\/paradisegarden.it\/index.php?rest_route=%2Fwp%2Fv2%2Fproduct_cat&post=5389"},{"taxonomy":"product_tag","embeddable":true,"href":"https:\/\/paradisegarden.it\/index.php?rest_route=%2Fwp%2Fv2%2Fproduct_tag&post=5389"}],"curies":[{"name":"wp","href":"https:\/\/api.w.org\/{rel}","templated":true}]}}