{"id":4705,"date":"2022-09-14T13:29:35","date_gmt":"2022-09-14T11:29:35","guid":{"rendered":"https:\/\/paradisegarden.it\/?post_type=product&#038;p=4705"},"modified":"2023-01-10T14:25:22","modified_gmt":"2023-01-10T13:25:22","slug":"ficus-ginseng-s-shape","status":"publish","type":"product","link":"https:\/\/paradisegarden.it\/?product=ficus-ginseng-s-shape","title":{"rendered":"Ficus Ginseng S-Shape"},"content":{"rendered":"<p>Il Ficus Ginseng \u00e8 una variet\u00e0 del tutto particolare del Ficus microcarpa per via delle sue dimensioni decisamente limitate.<br \/>\nE&#8217; un piccolo arbusto che pu\u00f2 essere coltivato anche in appartamento, proprio perch\u00e8 non cresce pi\u00f9 di tanto.<br \/>\nLa massima altezza \u00e8 100-130 centimetri e si tratta di un arbusto che appartiene alla categoria dei sempreverde.<\/p>\n","protected":false},"excerpt":{"rendered":"<p>Ficus Ginseng S-shape<br \/>\nPiccolo arbusto che pu\u00f2 essere coltivato anche in appartamento, proprio perch\u00e8 non cresce pi\u00f9 di tanto.<\/p>\n","protected":false},"featured_media":5147,"comment_status":"open","ping_status":"closed","template":"","meta":[],"product_brand":[],"product_cat":[104,91,103,102],"product_tag":[111,92],"class_list":{"0":"post-4705","1":"product","2":"type-product","3":"status-publish","4":"has-post-thumbnail","6":"product_cat-bonsai","7":"product_cat-piante-da-interno","8":"product_cat-piante-luxury","9":"product_cat-piante-rare","10":"product_tag-bonsai","11":"product_tag-sempreverde","13":"first","14":"instock","15":"shipping-taxable","16":"purchasable","17":"product-type-variable"},"yoast_head":"<!-- This site is optimized with the Yoast SEO plugin v26.5 - https:\/\/yoast.com\/wordpress\/plugins\/seo\/ -->\n<title>Ficus Ginseng S-Shape - Paradise Garden<\/title>\n<meta name=\"robots\" content=\"index, follow, max-snippet:-1, max-image-preview:large, max-video-preview:-1\" \/>\n<link rel=\"canonical\" href=\"https:\/\/paradisegarden.it\/?product=ficus-ginseng-s-shape\" \/>\n<meta property=\"og:locale\" content=\"it_IT\" \/>\n<meta property=\"og:type\" content=\"article\" \/>\n<meta property=\"og:title\" content=\"Ficus Ginseng S-Shape - Paradise Garden\" \/>\n<meta property=\"og:description\" content=\"Ficus Ginseng S-shape Piccolo arbusto che pu\u00f2 essere coltivato anche in appartamento, proprio perch\u00e8 non cresce pi\u00f9 di tanto.\" \/>\n<meta property=\"og:url\" content=\"https:\/\/paradisegarden.it\/?product=ficus-ginseng-s-shape\" \/>\n<meta property=\"og:site_name\" content=\"Paradise Garden\" \/>\n<meta property=\"article:publisher\" content=\"https:\/\/www.facebook.com\/paradisegardencenter.ita\" \/>\n<meta property=\"article:modified_time\" content=\"2023-01-10T13:25:22+00:00\" \/>\n<meta property=\"og:image\" content=\"https:\/\/paradisegarden.it\/wp-content\/uploads\/2022\/09\/bonsai-ficus-ginseng-s-shape.jpg\" \/>\n\t<meta property=\"og:image:width\" content=\"784\" \/>\n\t<meta property=\"og:image:height\" content=\"784\" \/>\n\t<meta property=\"og:image:type\" content=\"image\/jpeg\" \/>\n<meta name=\"twitter:card\" content=\"summary_large_image\" \/>\n<script type=\"application\/ld+json\" class=\"yoast-schema-graph\">{\"@context\":\"https:\/\/schema.org\",\"@graph\":[{\"@type\":\"WebPage\",\"@id\":\"https:\/\/paradisegarden.it\/?product=ficus-ginseng-s-shape\",\"url\":\"https:\/\/paradisegarden.it\/?product=ficus-ginseng-s-shape\",\"name\":\"Ficus Ginseng S-Shape - Paradise Garden\",\"isPartOf\":{\"@id\":\"https:\/\/paradisegarden.it\/#website\"},\"primaryImageOfPage\":{\"@id\":\"https:\/\/paradisegarden.it\/?product=ficus-ginseng-s-shape#primaryimage\"},\"image\":{\"@id\":\"https:\/\/paradisegarden.it\/?product=ficus-ginseng-s-shape#primaryimage\"},\"thumbnailUrl\":\"https:\/\/paradisegarden.it\/wp-content\/uploads\/2022\/09\/bonsai-ficus-ginseng-s-shape.jpg\",\"datePublished\":\"2022-09-14T11:29:35+00:00\",\"dateModified\":\"2023-01-10T13:25:22+00:00\",\"breadcrumb\":{\"@id\":\"https:\/\/paradisegarden.it\/?product=ficus-ginseng-s-shape#breadcrumb\"},\"inLanguage\":\"it-IT\",\"potentialAction\":[{\"@type\":\"ReadAction\",\"target\":[\"https:\/\/paradisegarden.it\/?product=ficus-ginseng-s-shape\"]}]},{\"@type\":\"ImageObject\",\"inLanguage\":\"it-IT\",\"@id\":\"https:\/\/paradisegarden.it\/?product=ficus-ginseng-s-shape#primaryimage\",\"url\":\"https:\/\/paradisegarden.it\/wp-content\/uploads\/2022\/09\/bonsai-ficus-ginseng-s-shape.jpg\",\"contentUrl\":\"https:\/\/paradisegarden.it\/wp-content\/uploads\/2022\/09\/bonsai-ficus-ginseng-s-shape.jpg\",\"width\":784,\"height\":784},{\"@type\":\"BreadcrumbList\",\"@id\":\"https:\/\/paradisegarden.it\/?product=ficus-ginseng-s-shape#breadcrumb\",\"itemListElement\":[{\"@type\":\"ListItem\",\"position\":1,\"name\":\"Home\",\"item\":\"https:\/\/paradisegarden.it\/\"},{\"@type\":\"ListItem\",\"position\":2,\"name\":\"Shop\",\"item\":\"https:\/\/paradisegarden.it\/?page_id=1706\"},{\"@type\":\"ListItem\",\"position\":3,\"name\":\"Ficus Ginseng S-Shape\"}]},{\"@type\":\"WebSite\",\"@id\":\"https:\/\/paradisegarden.it\/#website\",\"url\":\"https:\/\/paradisegarden.it\/\",\"name\":\"Paradise Garden\",\"description\":\"Piante per la tua casa e per il tuo ufficio\",\"publisher\":{\"@id\":\"https:\/\/paradisegarden.it\/#organization\"},\"potentialAction\":[{\"@type\":\"SearchAction\",\"target\":{\"@type\":\"EntryPoint\",\"urlTemplate\":\"https:\/\/paradisegarden.it\/?s={search_term_string}\"},\"query-input\":{\"@type\":\"PropertyValueSpecification\",\"valueRequired\":true,\"valueName\":\"search_term_string\"}}],\"inLanguage\":\"it-IT\"},{\"@type\":\"Organization\",\"@id\":\"https:\/\/paradisegarden.it\/#organization\",\"name\":\"Paradise Garden\",\"url\":\"https:\/\/paradisegarden.it\/\",\"logo\":{\"@type\":\"ImageObject\",\"inLanguage\":\"it-IT\",\"@id\":\"https:\/\/paradisegarden.it\/#\/schema\/logo\/image\/\",\"url\":\"https:\/\/paradisegarden.it\/wp-content\/uploads\/2024\/04\/paradise-garden-new-logo-240-px.png\",\"contentUrl\":\"https:\/\/paradisegarden.it\/wp-content\/uploads\/2024\/04\/paradise-garden-new-logo-240-px.png\",\"width\":240,\"height\":240,\"caption\":\"Paradise Garden\"},\"image\":{\"@id\":\"https:\/\/paradisegarden.it\/#\/schema\/logo\/image\/\"},\"sameAs\":[\"https:\/\/www.facebook.com\/paradisegardencenter.ita\"]}]}<\/script>\n<!-- \/ Yoast SEO plugin. -->","yoast_head_json":{"title":"Ficus Ginseng S-Shape - Paradise Garden","robots":{"index":"index","follow":"follow","max-snippet":"max-snippet:-1","max-image-preview":"max-image-preview:large","max-video-preview":"max-video-preview:-1"},"canonical":"https:\/\/paradisegarden.it\/?product=ficus-ginseng-s-shape","og_locale":"it_IT","og_type":"article","og_title":"Ficus Ginseng S-Shape - Paradise Garden","og_description":"Ficus Ginseng S-shape Piccolo arbusto che pu\u00f2 essere coltivato anche in appartamento, proprio perch\u00e8 non cresce pi\u00f9 di tanto.","og_url":"https:\/\/paradisegarden.it\/?product=ficus-ginseng-s-shape","og_site_name":"Paradise Garden","article_publisher":"https:\/\/www.facebook.com\/paradisegardencenter.ita","article_modified_time":"2023-01-10T13:25:22+00:00","og_image":[{"width":784,"height":784,"url":"https:\/\/paradisegarden.it\/wp-content\/uploads\/2022\/09\/bonsai-ficus-ginseng-s-shape.jpg","type":"image\/jpeg"}],"twitter_card":"summary_large_image","schema":{"@context":"https:\/\/schema.org","@graph":[{"@type":"WebPage","@id":"https:\/\/paradisegarden.it\/?product=ficus-ginseng-s-shape","url":"https:\/\/paradisegarden.it\/?product=ficus-ginseng-s-shape","name":"Ficus Ginseng S-Shape - Paradise Garden","isPartOf":{"@id":"https:\/\/paradisegarden.it\/#website"},"primaryImageOfPage":{"@id":"https:\/\/paradisegarden.it\/?product=ficus-ginseng-s-shape#primaryimage"},"image":{"@id":"https:\/\/paradisegarden.it\/?product=ficus-ginseng-s-shape#primaryimage"},"thumbnailUrl":"https:\/\/paradisegarden.it\/wp-content\/uploads\/2022\/09\/bonsai-ficus-ginseng-s-shape.jpg","datePublished":"2022-09-14T11:29:35+00:00","dateModified":"2023-01-10T13:25:22+00:00","breadcrumb":{"@id":"https:\/\/paradisegarden.it\/?product=ficus-ginseng-s-shape#breadcrumb"},"inLanguage":"it-IT","potentialAction":[{"@type":"ReadAction","target":["https:\/\/paradisegarden.it\/?product=ficus-ginseng-s-shape"]}]},{"@type":"ImageObject","inLanguage":"it-IT","@id":"https:\/\/paradisegarden.it\/?product=ficus-ginseng-s-shape#primaryimage","url":"https:\/\/paradisegarden.it\/wp-content\/uploads\/2022\/09\/bonsai-ficus-ginseng-s-shape.jpg","contentUrl":"https:\/\/paradisegarden.it\/wp-content\/uploads\/2022\/09\/bonsai-ficus-ginseng-s-shape.jpg","width":784,"height":784},{"@type":"BreadcrumbList","@id":"https:\/\/paradisegarden.it\/?product=ficus-ginseng-s-shape#breadcrumb","itemListElement":[{"@type":"ListItem","position":1,"name":"Home","item":"https:\/\/paradisegarden.it\/"},{"@type":"ListItem","position":2,"name":"Shop","item":"https:\/\/paradisegarden.it\/?page_id=1706"},{"@type":"ListItem","position":3,"name":"Ficus Ginseng S-Shape"}]},{"@type":"WebSite","@id":"https:\/\/paradisegarden.it\/#website","url":"https:\/\/paradisegarden.it\/","name":"Paradise Garden","description":"Piante per la tua casa e per il tuo ufficio","publisher":{"@id":"https:\/\/paradisegarden.it\/#organization"},"potentialAction":[{"@type":"SearchAction","target":{"@type":"EntryPoint","urlTemplate":"https:\/\/paradisegarden.it\/?s={search_term_string}"},"query-input":{"@type":"PropertyValueSpecification","valueRequired":true,"valueName":"search_term_string"}}],"inLanguage":"it-IT"},{"@type":"Organization","@id":"https:\/\/paradisegarden.it\/#organization","name":"Paradise Garden","url":"https:\/\/paradisegarden.it\/","logo":{"@type":"ImageObject","inLanguage":"it-IT","@id":"https:\/\/paradisegarden.it\/#\/schema\/logo\/image\/","url":"https:\/\/paradisegarden.it\/wp-content\/uploads\/2024\/04\/paradise-garden-new-logo-240-px.png","contentUrl":"https:\/\/paradisegarden.it\/wp-content\/uploads\/2024\/04\/paradise-garden-new-logo-240-px.png","width":240,"height":240,"caption":"Paradise Garden"},"image":{"@id":"https:\/\/paradisegarden.it\/#\/schema\/logo\/image\/"},"sameAs":["https:\/\/www.facebook.com\/paradisegardencenter.ita"]}]}},"_links":{"self":[{"href":"https:\/\/paradisegarden.it\/index.php?rest_route=\/wp\/v2\/product\/4705","targetHints":{"allow":["GET"]}}],"collection":[{"href":"https:\/\/paradisegarden.it\/index.php?rest_route=\/wp\/v2\/product"}],"about":[{"href":"https:\/\/paradisegarden.it\/index.php?rest_route=\/wp\/v2\/types\/product"}],"replies":[{"embeddable":true,"href":"https:\/\/paradisegarden.it\/index.php?rest_route=%2Fwp%2Fv2%2Fcomments&post=4705"}],"wp:featuredmedia":[{"embeddable":true,"href":"https:\/\/paradisegarden.it\/index.php?rest_route=\/wp\/v2\/media\/5147"}],"wp:attachment":[{"href":"https:\/\/paradisegarden.it\/index.php?rest_route=%2Fwp%2Fv2%2Fmedia&parent=4705"}],"wp:term":[{"taxonomy":"product_brand","embeddable":true,"href":"https:\/\/paradisegarden.it\/index.php?rest_route=%2Fwp%2Fv2%2Fproduct_brand&post=4705"},{"taxonomy":"product_cat","embeddable":true,"href":"https:\/\/paradisegarden.it\/index.php?rest_route=%2Fwp%2Fv2%2Fproduct_cat&post=4705"},{"taxonomy":"product_tag","embeddable":true,"href":"https:\/\/paradisegarden.it\/index.php?rest_route=%2Fwp%2Fv2%2Fproduct_tag&post=4705"}],"curies":[{"name":"wp","href":"https:\/\/api.w.org\/{rel}","templated":true}]}}