{"id":1106,"date":"2018-12-17T02:31:54","date_gmt":"2018-12-17T01:31:54","guid":{"rendered":"https:\/\/new2.paradisegarden.it\/?page_id=1106"},"modified":"2023-08-16T18:09:51","modified_gmt":"2023-08-16T16:09:51","slug":"il-garden","status":"publish","type":"page","link":"https:\/\/paradisegarden.it\/?page_id=1106","title":{"rendered":"Il Garden"},"content":{"rendered":"<div class=\"wpb-content-wrapper\"><p>[vc_row][vc_column offset=&#8221;vc_col-lg-6&#8243;][gsf_banner hover_effect=&#8221;jazz-effect&#8221; background_postion=&#8221;background-center&#8221; image=&#8221;4725&#8243;][\/vc_column][vc_column el_class=&#8221;pl-xl-5&#8243; offset=&#8221;vc_col-lg-6&#8243;][gsf_space desktop=&#8221;60&#8243; tablet=&#8221;50&#8243; tablet_portrait=&#8221;50&#8243; mobile_landscape=&#8221;50&#8243; mobile=&#8221;40&#8243;][gsf_heading text_align=&#8221;text-left&#8221; title_line_height=&#8221;px&#8221; sub_title_letter_spacing=&#8221;px&#8221; sub_title_color=&#8221;&#8221; css_animation=&#8221;bottom-to-top&#8221; el_class=&#8221;md-text-center&#8221; title=&#8221;Un luogo, una nuova storia da Raccontare&#8221; sub_title=&#8221;Benvenuti al Paradise Garden&#8221;][gsf_space desktop=&#8221;42&#8243; tablet=&#8221;30&#8243; tablet_portrait=&#8221;30&#8243; mobile_landscape=&#8221;25&#8243; mobile=&#8221;20&#8243;][vc_column_text el_class=&#8221;md-text-center&#8221; css_animation=&#8221;bottom-to-top&#8221;]<\/p>\n<p style=\"font-size: 18px; line-height: 1.56;\">La Nostra \u00e8 una storia che inizia tanto tempo fa&#8230; Una storia che affonda le proprie radici nella tarra!<\/p>\n<p style=\"text-align: justify;\">L\u2019azienda <strong>Floricoltura Pigazzi<\/strong> nasce nel <strong>1968<\/strong> dalla passione per fiori e piante del suo fondatore <strong>Adriano Pigazzi<\/strong>. Partendo da un piccolo spazio di terreno alle spalle della propria abitazione su cui istalla un esiguo numero di serre, il signor Adriano, con il passare degli anni, ingrandisce sempre di pi\u00f9 la propria azienda, passando dalla produzione di soli geranei alla produzione e coltivazione di una vasta gamma di piante fiorite in vaso. Al suo fianco ha sempre avuto il figlio <strong>Stefano<\/strong> al quale ha trasmesso, sin da bambino, la propria passione e la propria esperienza per questo mestiere.<\/p>\n<p>[\/vc_column_text][\/vc_column][vc_column][gsf_space desktop=&#8221;60&#8243; tablet=&#8221;60&#8243; tablet_portrait=&#8221;50&#8243; mobile_landscape=&#8221;20&#8243; mobile=&#8221;20&#8243;][vc_column_text el_class=&#8221;md-text-center&#8221; css_animation=&#8221;bottom-to-top&#8221;]<\/p>\n<p style=\"text-align: justify;\">Ed \u00e8 proprio al figlio, allora ventiquattrenne, che, nel 2010, passer\u00e0 il testimone. Stefano, probabilmente anche grazie alla sua giovane et\u00e0, ha gi\u00e0 mille idee da concretizzare. Decide di investire del capitale sulla ricerca di nuovi articoli da mettere in produzione per soddisfare al meglio la richiesta del cliente. Ed \u00e8 appunto sul cliente che si concentra questa azienda. Infatti per garantire un servizio impeccabile l\u2019azienda trasporta in tutta Italia con mezzi propri.<br \/>\nDopo aver ottimizzato tutti i processi produttivi ed essere diventati un punto di riferimento grazie ad una produzione annuale di circa mezzo milione di piante suddivisa in circa 30 articoli rifornendo all&#8217; ingrosso i principali Garden del centro Italia, decide di realizzare il suo grande sogno il &#8220;PARADISE GARDEN PIGAZZI&#8221;.<\/p>\n<p>PARADISE GARDEN PIGAZZI viene aperto nel 2021, realizzato a 3 km dall&#8217; azienda di produzione precisamente a B.go Piave frazione di Latina, si estende su un area di 32000 mq divisi in 2500 mq coperti e 1500 esterni. In tutto si contano oltre 1.000 articoli esposti tra piante da interno, piante da esterno, agrumi dalla Sicilia, piante dal Marocco, Spagna e Olanda. Accessori, vasi e terricci delle migliori marche.<\/p>\n<p>Nel 2022 vista la richiesta a livello nazionale di piante particolari come Bonsai da 2 mt, Baobab e altre piante grasse rare nasce l&#8217;eCommerce <a href=\"https:\/\/paradisegarden.it\">paradisegarden.it<\/a>.[\/vc_column_text][gsf_space desktop=&#8221;60&#8243; tablet=&#8221;60&#8243; tablet_portrait=&#8221;50&#8243; mobile_landscape=&#8221;20&#8243; mobile=&#8221;20&#8243;][gsf_button title=&#8221;Visita lo Shop&#8221; style=&#8221;outline&#8221; color=&#8221;gray&#8221; size=&#8221;lg&#8221; align=&#8221;center&#8221; icon_font=&#8221;fas fa-plus&#8221; css_animation=&#8221;bottom-to-top&#8221; el_class=&#8221;md-text-center&#8221; link=&#8221;url:https%3A%2F%2Fparadisegarden.it%2Fshop%2F|title:Shop&#8221;][\/vc_column][\/vc_row][vc_row content_width=&#8221;full-desktop&#8221;][vc_column][gsf_space desktop=&#8221;120&#8243; tablet=&#8221;70&#8243; tablet_portrait=&#8221;50&#8243; mobile_landscape=&#8221;50&#8243; mobile=&#8221;40&#8243;][\/vc_column][vc_column color_skin=&#8221;skin-dark&#8221; video_bg=&#8221;yes&#8221; video_bg_url=&#8221;https:\/\/www.youtube.com\/watch?v=_Pea2wjJYIY&#8221; css=&#8221;.vc_custom_1662369277004{background-image: url(https:\/\/paradisegarden.it\/wp-content\/uploads\/2022\/09\/Una-storia-3-paradise-garden.jpg?id=4614) !important;background-position: center !important;background-repeat: no-repeat !important;background-size: cover !important;}&#8221; offset=&#8221;vc_col-lg-offset-1 vc_col-lg-10&#8243;][gsf_space desktop=&#8221;210&#8243; tablet=&#8221;180&#8243; tablet_portrait=&#8221;160&#8243; mobile_landscape=&#8221;80&#8243; mobile=&#8221;80&#8243;][gsf_video video_size=&#8221;medium&#8221; link=&#8221;https:\/\/www.youtube.com\/watch?v=_Pea2wjJYIY&#8221; icon_bg_color=&#8221;#ffffff&#8221; icon_color=&#8221;#ffffff&#8221; icon_bg_hover_color=&#8221;#333333&#8243; icon_hover_color=&#8221;#ffffff&#8221; css_animation=&#8221;bottom-to-top&#8221; el_class=&#8221;text-video-none&#8221; css=&#8221;.vc_custom_1662369032420{margin-bottom: 25px !important;}&#8221;][gsf_space desktop=&#8221;200&#8243; tablet=&#8221;180&#8243; tablet_portrait=&#8221;160&#8243; mobile_landscape=&#8221;80&#8243; mobile=&#8221;80&#8243;][\/vc_column][vc_column][gsf_space desktop=&#8221;63&#8243; tablet=&#8221;50&#8243; tablet_portrait=&#8221;40&#8243; mobile_landscape=&#8221;35&#8243; mobile=&#8221;30&#8243;][vc_row_inner css=&#8221;.vc_custom_1669750764542{margin-bottom: 50px !important;}&#8221;][vc_column_inner offset=&#8221;vc_col-lg-offset-1 vc_col-lg-10&#8243;][gsf_heading title_color=&#8221;#7fa15a&#8221; title_font_size=&#8221;40|40|34|28|22&#8243; title_line_height=&#8221;1.25|em&#8221; sub_title_font_size=&#8221;18&#8243; sub_title_color=&#8221;&#8221; css_animation=&#8221;bottom-to-top&#8221; title=&#8221;\u201cColtiviamo da 40 anni il Nostro Sogno&#8230; E&#8217; arrivato il momento di condividerlo con Voi\u201c&#8221;][gsf_space desktop=&#8221;40&#8243; tablet=&#8221;40&#8243; tablet_portrait=&#8221;40&#8243; mobile_landscape=&#8221;35&#8243; mobile=&#8221;30&#8243;][vc_column_text css_animation=&#8221;bottom-to-top&#8221;]<\/p>\n<p style=\"text-align: center;\"><span style=\"font-size: 22px; color: #292929; padding: 0 10px; font-weight: 500;\">&#8211; Stefano Pigazzi<\/span><span style=\"font-size: 16px; color: #9d9d9d; padding: 0 10px;\">Amministratore<\/span><\/p>\n<p>[\/vc_column_text][\/vc_column_inner][\/vc_row_inner][\/vc_column][\/vc_row][vc_row css=&#8221;.vc_custom_1556955241007{background-color: #f9f9f9 !important;}&#8221;][vc_column][gsf_space desktop=&#8221;120&#8243; tablet=&#8221;80&#8243; tablet_portrait=&#8221;80&#8243; mobile_landscape=&#8221;40&#8243; mobile=&#8221;35&#8243;][\/vc_column][vc_column offset=&#8221;vc_col-md-4&#8243;][gsf_info_box layout_style=&#8221;ib-left&#8221; title=&#8221;Spedizione Gratuita&#8221; title_font_size=&#8221;25||||&#8221; sub_title_color=&#8221;heading-color&#8221; icon_type=&#8221;image&#8221; image=&#8221;928&#8243; hover_text_color=&#8221;#333333&#8243; css_animation=&#8221;bottom-to-top&#8221; el_class=&#8221;md-mg-bottom-30,lg-pd-left-right-0&#8243; ib_bg_color=&#8221;#ffffff&#8221; css=&#8221;.vc_custom_1669749838639{border-right-width: 1px !important;padding-left: 29px !important;border-right-color: #d8d8d8 !important;border-right-style: solid !important;}&#8221; sub_title=&#8221;VHV0dGklMjBnbGklMjBvcmRpbmklMjBzb3ByYSUyMGklMjA2OSUyQzAwJTIwJUUyJTgyJUFDJTIwdmVycmFubm8lMjBzcGVkaXRpJTIwZ3JhdHVpdGFtZW50ZS4=&#8221;][gsf_space desktop=&#8221;84&#8243; tablet=&#8221;50&#8243; tablet_portrait=&#8221;30&#8243; mobile_landscape=&#8221;30&#8243; mobile=&#8221;25&#8243;][\/vc_column][vc_column offset=&#8221;vc_col-md-4&#8243;][gsf_info_box layout_style=&#8221;ib-left&#8221; title=&#8221;7\/7 Consulenza e Supporto&#8221; title_font_size=&#8221;25||||&#8221; sub_title_color=&#8221;heading-color&#8221; icon_type=&#8221;image&#8221; image=&#8221;929&#8243; hover_text_color=&#8221;#333333&#8243; css_animation=&#8221;bottom-to-top&#8221; el_class=&#8221;md-mg-bottom-30&#8243; ib_bg_color=&#8221;#ffffff&#8221; css=&#8221;.vc_custom_1662375135484{border-right-width: 1px !important;border-right-color: #d8d8d8 !important;border-right-style: solid !important;}&#8221; sub_title=&#8221;QXNzaXN0ZW56YSUyMGUlMjBjb25zdWxlbnphJTIwYWxsJTI3JTIwYWNxdWlzdG8lMjA3JTJGNyUyMGluJTIwbmVnb3ppbyUyMGUlMjBvbmxpbmUu&#8221;][gsf_space desktop=&#8221;84&#8243; tablet=&#8221;50&#8243; tablet_portrait=&#8221;30&#8243; mobile_landscape=&#8221;30&#8243; mobile=&#8221;25&#8243;][\/vc_column][vc_column offset=&#8221;vc_col-md-4&#8243;][gsf_info_box layout_style=&#8221;ib-left&#8221; title=&#8221;Raccolta Punti&#8221; title_font_size=&#8221;25||||&#8221; sub_title_color=&#8221;heading-color&#8221; icon_type=&#8221;image&#8221; image=&#8221;930&#8243; hover_text_color=&#8221;#333333&#8243; css_animation=&#8221;bottom-to-top&#8221; el_class=&#8221;md-mg-bottom-30&#8243; ib_bg_color=&#8221;#ffffff&#8221; sub_title=&#8221;SXNjcml2aXRpJTIwYWwlMjBwcm9ncmFtbWElMjBkaSUyMHJhY2NvbHRhJTIwcHVudGklMjBwZXIlMjB0ZSUyMHNjb250aSUyMGUlMjBwcm9kb3R0aSUyMGluJTIwb21hZ2dpby4=&#8221;][gsf_space desktop=&#8221;84&#8243; tablet=&#8221;50&#8243; tablet_portrait=&#8221;30&#8243; mobile_landscape=&#8221;30&#8243; mobile=&#8221;25&#8243;][\/vc_column][\/vc_row][vc_row content_width=&#8221;full&#8221; el_class=&#8221;xs-pd-left-right-15&#8243;][vc_column css=&#8221;.vc_custom_1669750779160{margin-top: 50px !important;padding-right: 0px !important;padding-left: 0px !important;}&#8221;][gsf_heading title_line_height=&#8221;px&#8221; sub_title_letter_spacing=&#8221;px&#8221; sub_title_color=&#8221;&#8221; css_animation=&#8221;bottom-to-top&#8221; el_class=&#8221;&#8221; title=&#8221;@ParadiseGardenPigazzi&#8221; sub_title=&#8221;Instagram Shop&#8221;][gsf_space desktop=&#8221;40&#8243; tablet=&#8221;40&#8243; tablet_portrait=&#8221;25&#8243; mobile_landscape=&#8221;20&#8243; mobile=&#8221;20&#8243;][vc_widget_sidebar sidebar_id=&#8221;instagarmshop03&#8243;][\/vc_column][\/vc_row][vc_row][vc_column][gsf_space desktop=&#8221;120&#8243; tablet=&#8221;80&#8243; tablet_portrait=&#8221;80&#8243; mobile_landscape=&#8221;40&#8243; mobile=&#8221;35&#8243;][\/vc_column][vc_column offset=&#8221;vc_col-lg-4 vc_col-md-4&#8243;][gsf_info_box layout_style=&#8221;ib-left&#8221; title=&#8221;Telefono:&#8221; title_color=&#8221;#008d36&#8243; title_font_size=&#8221;18||||&#8221; sub_title_font_size=&#8221;18||||&#8221; sub_title_color=&#8221;custom&#8221; custom_sub_title_color=&#8221;#9b9b9b&#8221; sub_title_use_theme_fonts=&#8221;&#8221; icon_font=&#8221;fal fa-phone&#8221; icon_color=&#8221;#ededed&#8221; hover_text_color=&#8221;#333333&#8243; css_animation=&#8221;bottom-to-top&#8221; el_class=&#8221;md-mg-bottom-30&#8243; ib_bg_color=&#8221;&#8221; sub_title=&#8221;TW9iaWxlJTIwJTIwJTI4JTJCMzklMjklMjAzMzMlMjA5OTIlMjAyNjI2JTIwJTNDYnIlMkYlM0UlMEFGaXNzbyUyMCUyOCUyQjM5JTI5JTIwMDc3MyUyMDE4OCUyMDg0MjY=&#8221; sub_title_typography=&#8221;edmondsans|500|500|normal&#8221;][gsf_space desktop=&#8221;70&#8243; tablet=&#8221;40&#8243; tablet_portrait=&#8221;30&#8243; mobile_landscape=&#8221;30&#8243; mobile=&#8221;25&#8243;][\/vc_column][vc_column offset=&#8221;vc_col-lg-4 vc_col-md-4&#8243;][gsf_info_box layout_style=&#8221;ib-left&#8221; title=&#8221;Indirizzo:&#8221; title_color=&#8221;#008d36&#8243; title_font_size=&#8221;18||||&#8221; sub_title_font_size=&#8221;18||||&#8221; sub_title_color=&#8221;custom&#8221; custom_sub_title_color=&#8221;#9b9b9b&#8221; sub_title_use_theme_fonts=&#8221;&#8221; icon_font=&#8221;fal fa-home&#8221; icon_color=&#8221;#ededed&#8221; hover_text_color=&#8221;#333333&#8243; css_animation=&#8221;bottom-to-top&#8221; el_class=&#8221;md-mg-bottom-30&#8243; ib_bg_color=&#8221;&#8221; sub_title=&#8221;U3RyLiUyMEFjcXVlJTIwQWx0ZSUyQyUyMDEzNyUyMEttJTIwMSUyMCUzQ2JyJTJGJTNFJTBBMDQxMDAlMjAtJTIwTGF0aW5hJTJDJTIwTFQlMkMlMjBJdGFsaWE=&#8221; sub_title_typography=&#8221;edmondsans|500|500|normal&#8221;][gsf_space desktop=&#8221;70&#8243; tablet=&#8221;40&#8243; tablet_portrait=&#8221;30&#8243; mobile_landscape=&#8221;30&#8243; mobile=&#8221;25&#8243;][\/vc_column][vc_column offset=&#8221;vc_col-lg-4 vc_col-md-4&#8243;][gsf_info_box layout_style=&#8221;ib-left&#8221; title=&#8221;Email:&#8221; title_color=&#8221;#008d36&#8243; title_font_size=&#8221;18||||&#8221; sub_title_font_size=&#8221;18||||&#8221; sub_title_color=&#8221;custom&#8221; custom_sub_title_color=&#8221;#9b9b9b&#8221; sub_title_use_theme_fonts=&#8221;&#8221; icon_font=&#8221;fal fa-envelope&#8221; icon_color=&#8221;#ededed&#8221; hover_text_color=&#8221;#333333&#8243; css_animation=&#8221;bottom-to-top&#8221; el_class=&#8221;md-mg-bottom-30&#8243; ib_bg_color=&#8221;&#8221; sub_title=&#8221;aW5mbyU0MHBhcmFkaXNlZ2FyZGVuLml0JTIwJTNDYnIlMkYlM0U=&#8221; sub_title_typography=&#8221;edmondsans|500|500|normal&#8221;][gsf_space desktop=&#8221;70&#8243; tablet=&#8221;40&#8243; tablet_portrait=&#8221;30&#8243; mobile_landscape=&#8221;30&#8243; mobile=&#8221;25&#8243;][\/vc_column][\/vc_row]<\/p>\n<\/div>","protected":false},"excerpt":{"rendered":"<p>[vc_row][vc_column offset=&#8221;vc_col-lg-6&#8243;][gsf_banner hover_effect=&#8221;jazz-effect&#8221; background_postion=&#8221;background-center&#8221; image=&#8221;4725&#8243;][\/vc_column][vc_column el_class=&#8221;pl-xl-5&#8243; offset=&#8221;vc_col-lg-6&#8243;][gsf_space desktop=&#8221;60&#8243; tablet=&#8221;50&#8243; tablet_portrait=&#8221;50&#8243; mobile_landscape=&#8221;50&#8243; mobile=&#8221;40&#8243;][gsf_heading text_align=&#8221;text-left&#8221; title_line_height=&#8221;px&#8221; sub_title_letter_spacing=&#8221;px&#8221; sub_title_color=&#8221;&#8221; css_animation=&#8221;bottom-to-top&#8221; el_class=&#8221;md-text-center&#8221; title=&#8221;Un luogo, una nuova storia da Raccontare&#8221; sub_title=&#8221;Benvenuti al Paradise Garden&#8221;][gsf_space desktop=&#8221;42&#8243; tablet=&#8221;30&#8243; tablet_portrait=&#8221;30&#8243; mobile_landscape=&#8221;25&#8243; mobile=&#8221;20&#8243;][vc_column_text el_class=&#8221;md-text-center&#8221; css_animation=&#8221;bottom-to-top&#8221;] La Nostra \u00e8 una storia che inizia tanto tempo fa&#8230; Una storia che affonda le proprie radici nella tarra! [&hellip;]<\/p>\n","protected":false},"author":1,"featured_media":0,"parent":0,"menu_order":0,"comment_status":"closed","ping_status":"closed","template":"","meta":{"footnotes":""},"class_list":["post-1106","page","type-page","status-publish","hentry"],"yoast_head":"<!-- This site is optimized with the Yoast SEO plugin v26.5 - https:\/\/yoast.com\/wordpress\/plugins\/seo\/ -->\n<title>Il Garden - Paradise Garden<\/title>\n<meta name=\"robots\" content=\"index, follow, max-snippet:-1, max-image-preview:large, max-video-preview:-1\" \/>\n<link rel=\"canonical\" href=\"https:\/\/paradisegarden.it\/?page_id=1106\" \/>\n<meta property=\"og:locale\" content=\"it_IT\" \/>\n<meta property=\"og:type\" content=\"article\" \/>\n<meta property=\"og:title\" content=\"Il Garden - Paradise Garden\" \/>\n<meta property=\"og:description\" content=\"[vc_row][vc_column offset=&#8221;vc_col-lg-6&#8243;][gsf_banner hover_effect=&#8221;jazz-effect&#8221; background_postion=&#8221;background-center&#8221; image=&#8221;4725&#8243;][\/vc_column][vc_column el_class=&#8221;pl-xl-5&#8243; offset=&#8221;vc_col-lg-6&#8243;][gsf_space desktop=&#8221;60&#8243; tablet=&#8221;50&#8243; tablet_portrait=&#8221;50&#8243; mobile_landscape=&#8221;50&#8243; mobile=&#8221;40&#8243;][gsf_heading text_align=&#8221;text-left&#8221; title_line_height=&#8221;px&#8221; sub_title_letter_spacing=&#8221;px&#8221; sub_title_color=&#8221;&#8221; css_animation=&#8221;bottom-to-top&#8221; el_class=&#8221;md-text-center&#8221; title=&#8221;Un luogo, una nuova storia da Raccontare&#8221; sub_title=&#8221;Benvenuti al Paradise Garden&#8221;][gsf_space desktop=&#8221;42&#8243; tablet=&#8221;30&#8243; tablet_portrait=&#8221;30&#8243; mobile_landscape=&#8221;25&#8243; mobile=&#8221;20&#8243;][vc_column_text el_class=&#8221;md-text-center&#8221; css_animation=&#8221;bottom-to-top&#8221;] La Nostra \u00e8 una storia che inizia tanto tempo fa&#8230; Una storia che affonda le proprie radici nella tarra! [&hellip;]\" \/>\n<meta property=\"og:url\" content=\"https:\/\/paradisegarden.it\/?page_id=1106\" \/>\n<meta property=\"og:site_name\" content=\"Paradise Garden\" \/>\n<meta property=\"article:publisher\" content=\"https:\/\/www.facebook.com\/paradisegardencenter.ita\" \/>\n<meta property=\"article:modified_time\" content=\"2023-08-16T16:09:51+00:00\" \/>\n<meta property=\"og:image\" content=\"https:\/\/paradisegarden.it\/wp-content\/uploads\/2024\/04\/paradise-garden-new-logo-240-px.png\" \/>\n\t<meta property=\"og:image:width\" content=\"240\" \/>\n\t<meta property=\"og:image:height\" content=\"240\" \/>\n\t<meta property=\"og:image:type\" content=\"image\/png\" \/>\n<meta name=\"twitter:card\" content=\"summary_large_image\" \/>\n<meta name=\"twitter:label1\" content=\"Tempo di lettura stimato\" \/>\n\t<meta name=\"twitter:data1\" content=\"6 minuti\" \/>\n<script type=\"application\/ld+json\" class=\"yoast-schema-graph\">{\"@context\":\"https:\/\/schema.org\",\"@graph\":[{\"@type\":\"WebPage\",\"@id\":\"https:\/\/paradisegarden.it\/?page_id=1106\",\"url\":\"https:\/\/paradisegarden.it\/?page_id=1106\",\"name\":\"Il Garden - Paradise Garden\",\"isPartOf\":{\"@id\":\"https:\/\/paradisegarden.it\/#website\"},\"datePublished\":\"2018-12-17T01:31:54+00:00\",\"dateModified\":\"2023-08-16T16:09:51+00:00\",\"breadcrumb\":{\"@id\":\"https:\/\/paradisegarden.it\/?page_id=1106#breadcrumb\"},\"inLanguage\":\"it-IT\",\"potentialAction\":[{\"@type\":\"ReadAction\",\"target\":[\"https:\/\/paradisegarden.it\/?page_id=1106\"]}]},{\"@type\":\"BreadcrumbList\",\"@id\":\"https:\/\/paradisegarden.it\/?page_id=1106#breadcrumb\",\"itemListElement\":[{\"@type\":\"ListItem\",\"position\":1,\"name\":\"Home\",\"item\":\"https:\/\/paradisegarden.it\/\"},{\"@type\":\"ListItem\",\"position\":2,\"name\":\"Il Garden\"}]},{\"@type\":\"WebSite\",\"@id\":\"https:\/\/paradisegarden.it\/#website\",\"url\":\"https:\/\/paradisegarden.it\/\",\"name\":\"Paradise Garden\",\"description\":\"Piante per la tua casa e per il tuo ufficio\",\"publisher\":{\"@id\":\"https:\/\/paradisegarden.it\/#organization\"},\"potentialAction\":[{\"@type\":\"SearchAction\",\"target\":{\"@type\":\"EntryPoint\",\"urlTemplate\":\"https:\/\/paradisegarden.it\/?s={search_term_string}\"},\"query-input\":{\"@type\":\"PropertyValueSpecification\",\"valueRequired\":true,\"valueName\":\"search_term_string\"}}],\"inLanguage\":\"it-IT\"},{\"@type\":\"Organization\",\"@id\":\"https:\/\/paradisegarden.it\/#organization\",\"name\":\"Paradise Garden\",\"url\":\"https:\/\/paradisegarden.it\/\",\"logo\":{\"@type\":\"ImageObject\",\"inLanguage\":\"it-IT\",\"@id\":\"https:\/\/paradisegarden.it\/#\/schema\/logo\/image\/\",\"url\":\"https:\/\/paradisegarden.it\/wp-content\/uploads\/2024\/04\/paradise-garden-new-logo-240-px.png\",\"contentUrl\":\"https:\/\/paradisegarden.it\/wp-content\/uploads\/2024\/04\/paradise-garden-new-logo-240-px.png\",\"width\":240,\"height\":240,\"caption\":\"Paradise Garden\"},\"image\":{\"@id\":\"https:\/\/paradisegarden.it\/#\/schema\/logo\/image\/\"},\"sameAs\":[\"https:\/\/www.facebook.com\/paradisegardencenter.ita\"]}]}<\/script>\n<!-- \/ Yoast SEO plugin. -->","yoast_head_json":{"title":"Il Garden - Paradise Garden","robots":{"index":"index","follow":"follow","max-snippet":"max-snippet:-1","max-image-preview":"max-image-preview:large","max-video-preview":"max-video-preview:-1"},"canonical":"https:\/\/paradisegarden.it\/?page_id=1106","og_locale":"it_IT","og_type":"article","og_title":"Il Garden - Paradise Garden","og_description":"[vc_row][vc_column offset=&#8221;vc_col-lg-6&#8243;][gsf_banner hover_effect=&#8221;jazz-effect&#8221; background_postion=&#8221;background-center&#8221; image=&#8221;4725&#8243;][\/vc_column][vc_column el_class=&#8221;pl-xl-5&#8243; offset=&#8221;vc_col-lg-6&#8243;][gsf_space desktop=&#8221;60&#8243; tablet=&#8221;50&#8243; tablet_portrait=&#8221;50&#8243; mobile_landscape=&#8221;50&#8243; mobile=&#8221;40&#8243;][gsf_heading text_align=&#8221;text-left&#8221; title_line_height=&#8221;px&#8221; sub_title_letter_spacing=&#8221;px&#8221; sub_title_color=&#8221;&#8221; css_animation=&#8221;bottom-to-top&#8221; el_class=&#8221;md-text-center&#8221; title=&#8221;Un luogo, una nuova storia da Raccontare&#8221; sub_title=&#8221;Benvenuti al Paradise Garden&#8221;][gsf_space desktop=&#8221;42&#8243; tablet=&#8221;30&#8243; tablet_portrait=&#8221;30&#8243; mobile_landscape=&#8221;25&#8243; mobile=&#8221;20&#8243;][vc_column_text el_class=&#8221;md-text-center&#8221; css_animation=&#8221;bottom-to-top&#8221;] La Nostra \u00e8 una storia che inizia tanto tempo fa&#8230; Una storia che affonda le proprie radici nella tarra! [&hellip;]","og_url":"https:\/\/paradisegarden.it\/?page_id=1106","og_site_name":"Paradise Garden","article_publisher":"https:\/\/www.facebook.com\/paradisegardencenter.ita","article_modified_time":"2023-08-16T16:09:51+00:00","og_image":[{"width":240,"height":240,"url":"https:\/\/paradisegarden.it\/wp-content\/uploads\/2024\/04\/paradise-garden-new-logo-240-px.png","type":"image\/png"}],"twitter_card":"summary_large_image","twitter_misc":{"Tempo di lettura stimato":"6 minuti"},"schema":{"@context":"https:\/\/schema.org","@graph":[{"@type":"WebPage","@id":"https:\/\/paradisegarden.it\/?page_id=1106","url":"https:\/\/paradisegarden.it\/?page_id=1106","name":"Il Garden - Paradise Garden","isPartOf":{"@id":"https:\/\/paradisegarden.it\/#website"},"datePublished":"2018-12-17T01:31:54+00:00","dateModified":"2023-08-16T16:09:51+00:00","breadcrumb":{"@id":"https:\/\/paradisegarden.it\/?page_id=1106#breadcrumb"},"inLanguage":"it-IT","potentialAction":[{"@type":"ReadAction","target":["https:\/\/paradisegarden.it\/?page_id=1106"]}]},{"@type":"BreadcrumbList","@id":"https:\/\/paradisegarden.it\/?page_id=1106#breadcrumb","itemListElement":[{"@type":"ListItem","position":1,"name":"Home","item":"https:\/\/paradisegarden.it\/"},{"@type":"ListItem","position":2,"name":"Il Garden"}]},{"@type":"WebSite","@id":"https:\/\/paradisegarden.it\/#website","url":"https:\/\/paradisegarden.it\/","name":"Paradise Garden","description":"Piante per la tua casa e per il tuo ufficio","publisher":{"@id":"https:\/\/paradisegarden.it\/#organization"},"potentialAction":[{"@type":"SearchAction","target":{"@type":"EntryPoint","urlTemplate":"https:\/\/paradisegarden.it\/?s={search_term_string}"},"query-input":{"@type":"PropertyValueSpecification","valueRequired":true,"valueName":"search_term_string"}}],"inLanguage":"it-IT"},{"@type":"Organization","@id":"https:\/\/paradisegarden.it\/#organization","name":"Paradise Garden","url":"https:\/\/paradisegarden.it\/","logo":{"@type":"ImageObject","inLanguage":"it-IT","@id":"https:\/\/paradisegarden.it\/#\/schema\/logo\/image\/","url":"https:\/\/paradisegarden.it\/wp-content\/uploads\/2024\/04\/paradise-garden-new-logo-240-px.png","contentUrl":"https:\/\/paradisegarden.it\/wp-content\/uploads\/2024\/04\/paradise-garden-new-logo-240-px.png","width":240,"height":240,"caption":"Paradise Garden"},"image":{"@id":"https:\/\/paradisegarden.it\/#\/schema\/logo\/image\/"},"sameAs":["https:\/\/www.facebook.com\/paradisegardencenter.ita"]}]}},"_links":{"self":[{"href":"https:\/\/paradisegarden.it\/index.php?rest_route=\/wp\/v2\/pages\/1106","targetHints":{"allow":["GET"]}}],"collection":[{"href":"https:\/\/paradisegarden.it\/index.php?rest_route=\/wp\/v2\/pages"}],"about":[{"href":"https:\/\/paradisegarden.it\/index.php?rest_route=\/wp\/v2\/types\/page"}],"author":[{"embeddable":true,"href":"https:\/\/paradisegarden.it\/index.php?rest_route=\/wp\/v2\/users\/1"}],"replies":[{"embeddable":true,"href":"https:\/\/paradisegarden.it\/index.php?rest_route=%2Fwp%2Fv2%2Fcomments&post=1106"}],"version-history":[{"count":39,"href":"https:\/\/paradisegarden.it\/index.php?rest_route=\/wp\/v2\/pages\/1106\/revisions"}],"predecessor-version":[{"id":5531,"href":"https:\/\/paradisegarden.it\/index.php?rest_route=\/wp\/v2\/pages\/1106\/revisions\/5531"}],"wp:attachment":[{"href":"https:\/\/paradisegarden.it\/index.php?rest_route=%2Fwp%2Fv2%2Fmedia&parent=1106"}],"curies":[{"name":"wp","href":"https:\/\/api.w.org\/{rel}","templated":true}]}}